{"id":13,"date":"2023-01-11T15:45:43","date_gmt":"2023-01-11T15:45:43","guid":{"rendered":"https:\/\/www.tourismtunisia.com\/fr\/?page_id=13"},"modified":"2023-01-12T21:04:30","modified_gmt":"2023-01-12T21:04:30","slug":"tourisme-en-tunisie-que-faire-et-ou","status":"publish","type":"page","link":"https:\/\/www.tourismtunisia.com\/fr\/","title":{"rendered":"Tourisme en Tunisie : que faire et o\u00f9 ?"},"content":{"rendered":"<p><strong>Le tourisme en Tunisie a r\u00e9ellement d\u00e9coll\u00e9 au cours des ann\u00e9es 1960 et, au fil des ann\u00e9es, il est devenu l\u2019une des principales sources de revenus du pays. En effet, des millions de personnes venues du monde entier s\u2019envolent pour la Tunisie tout au long de l\u2019ann\u00e9e.<\/strong><\/p>\n<p>Mais cela n\u2019est pas \u00e9tonnant, lorsqu\u2019on y regarde de plus pr\u00e8s. La Tunisie est effectivement une destination combinant tout ce que les touristes recherchent\u00a0: climat chaud toute l\u2019ann\u00e9e, plages \u00e0 perdre de vue, de nombreux centres commerciaux, ainsi qu\u2019une histoire sans pareil. Et pour sublimer le tout, le pays n\u2019est pas cher, du moins en comparaison avec les pays utilisant l\u2019euro ou le dollar.<\/p>\n<p>Alors, quels sont les points d\u2019int\u00e9r\u00eat du tourisme en Tunisie et dans quelle ville se rendre\u00a0?<\/p>\n<p>&nbsp;<\/p>\n<h2>Quels sont les points d\u2019int\u00e9r\u00eat touristique de la Tunisie\u00a0?<\/h2>\n<p>Il existe de nombreuses raisons qui poussent les touristes \u00e0 se rendre en Tunisie, parmi lesquelles on peut retrouver les plages, l\u2019histoire du pays ou encore ses nombreux endroits o\u00f9 faire ses emplettes.<\/p>\n<p>&nbsp;<\/p>\n<h3>Les plages de Tunisie<\/h3>\n<p>Pays m\u00e9diterran\u00e9en, la Tunisie b\u00e9n\u00e9ficie de magnifiques plages \u00e0 perdre de vue, o\u00f9 il est bon de se promener, prendre le temps de bronzer en profitant de l\u2019air marin ou siroter un cocktail \u00e0 l\u2019ombre d\u2019un parasol. Ainsi, c\u2019est l\u2019un des premiers points qui pousse les touristes \u00e0 se rendre en Tunisie, surtout pour ceux qui veulent prendre du bon temps et dorer au soleil.<\/p>\n<p>En ce qui concerne les plus belles plages, on peut parler de celles de Djerba, Hammamet, Sousse et Monastir, bien que vous ne serez jamais d\u00e9\u00e7u des autres stations baln\u00e9aires.<\/p>\n<p>&nbsp;<\/p>\n<h3>Histoire et vestiges tunisiens<\/h3>\n<p><img loading=\"lazy\" decoding=\"async\" class=\"aligncenter size-full wp-image-23\" src=\"https:\/\/www.tourismtunisia.com\/fr\/wp-content\/uploads\/2023\/01\/dougga-tunisia.jpg\" alt=\"dougga-tunisia\" width=\"550\" height=\"367\" srcset=\"https:\/\/www.tourismtunisia.com\/fr\/wp-content\/uploads\/2023\/01\/dougga-tunisia.jpg 550w, https:\/\/www.tourismtunisia.com\/fr\/wp-content\/uploads\/2023\/01\/dougga-tunisia-300x200.jpg 300w\" sizes=\"auto, (max-width: 550px) 100vw, 550px\" \/><\/p>\n<p>L\u2019histoire de la Tunisie est riche et saura \u00e9veiller la curiosit\u00e9 des petits comme des grands. En effet, le pays est sans pareil, que ce soit pour sa culture, ses paysages, son histoire g\u00e9n\u00e9rale ou encore son architecture ancienne.<\/p>\n<p>Il existe de nombreux vestiges et lieux \u00e0 visiter absolument en Tunisie. Aussi, s\u2019il est impossible de faire une liste compl\u00e8te, voici les points d\u2019int\u00e9r\u00eat \u00e0 ne surtout pas manquer\u00a0:<\/p>\n<ul>\n<li>L\u2019amphith\u00e9\u00e2tre d\u2019El Jem\u00a0: Probablement l\u2019une des attractions touristiques les plus importantes, cet amphith\u00e9\u00e2tre a \u00e9t\u00e9 tr\u00e8s bien pr\u00e9serv\u00e9 et est le troisi\u00e8me plus grand amphith\u00e9\u00e2tre au monde.<\/li>\n<li>Matmata\u00a0: Petit village du Sud de la Tunisie, Matmata ne semblera pas inconnu pour certains. En effet, ce village dont les maisons sont creus\u00e9es \u00e0 m\u00eame la roche a \u00e9t\u00e9 un lieu de tournage incontournable pour la franchise Star Wars, mais aussi un lieu d\u2019inspiration pour Call of Duty.<\/li>\n<li>Dougga\u00a0: Si vous souhaitez faire un retour dans le pass\u00e9, Dougga est fait pour vous. Entre son Forum, son amphith\u00e9\u00e2tre ou encore ses bains publics, la ville, class\u00e9e au patrimoine histoire de l\u2019UNESCO, regorge de vestiges immanquables.<\/li>\n<li>Carthage\u00a0: Tout comme Dougga, Carthage est un lieu que les amoureux d\u2019histoire doivent imp\u00e9rativement ajouter \u00e0 leur liste. Entre la colline de Byrsa, son mus\u00e9e national, son port ou encore ses nombreux autres vestiges, vous ne manquerez pas d\u2019activit\u00e9s.<\/li>\n<li>La Medina de Sousse\u00a0: Class\u00e9 au patrimoine historique de l\u2019UNESCO, la Medina de Sousse est la plus int\u00e9ressante de Tunisie. \u00c0 la fois une attraction historique et un lieu id\u00e9al de shopping, il s\u2019agit d\u2019un lieu \u00e0 visiter au moins une fois dans sa vie.<\/li>\n<\/ul>\n<p>&nbsp;<\/p>\n<h3>Shopping en Tunisie<\/h3>\n<p><img loading=\"lazy\" decoding=\"async\" class=\"aligncenter size-full wp-image-22\" src=\"https:\/\/www.tourismtunisia.com\/fr\/wp-content\/uploads\/2023\/01\/medina-shopping-tunis.jpg\" alt=\"medina-shopping-tunis\" width=\"550\" height=\"365\" srcset=\"https:\/\/www.tourismtunisia.com\/fr\/wp-content\/uploads\/2023\/01\/medina-shopping-tunis.jpg 550w, https:\/\/www.tourismtunisia.com\/fr\/wp-content\/uploads\/2023\/01\/medina-shopping-tunis-300x199.jpg 300w\" sizes=\"auto, (max-width: 550px) 100vw, 550px\" \/><\/p>\n<p>Si vous aimez le shopping, la Tunisie vous comblera. Avec des prix bas et de nombreux lieux pour faire des emplettes, c\u2019est le r\u00eave de certains touristes. Ainsi, vous trouverez bien entendu des centres commerciaux, mais aussi de nombreux march\u00e9s locaux, o\u00f9 vous pourrez trouver des v\u00eatements, bijoux, \u00e9pices en tout genre et bien plus encore.<\/p>\n<p>&nbsp;<\/p>\n<h2>Quelles sont les villes touristiques majeures de Tunisie\u00a0?<\/h2>\n<p>Bien s\u00fbr, toutes les villes de Tunisie ne sont pas faites pour le tourisme. Aussi, si vous souhaitez passer du temps dans une ville touristique o\u00f9 vous ne manquerez de rien, voici quelques lieux incontournables du pays.<\/p>\n<p>&nbsp;<\/p>\n<h3>Tunis<\/h3>\n<p>Tunis est connue comme une des destinations phares de la Tunisie, de par son statut de capitale. Cependant, elle est loin d\u2019\u00eatre une grande ville touristique. En effet, elle est plut\u00f4t int\u00e9ressante pour les touristes qui souhaitent en apprendre plus \u00e0 propos de la culture ainsi que de l\u2019histoire tunisienne.<\/p>\n<p>&nbsp;<\/p>\n<h3>Djerba<\/h3>\n<p>Djerba est une petite \u00eele du Sud de la Tunisie, connue pour ses plages \u00e0 perdre de vue. La p\u00e9ninsule est le lieu id\u00e9al pour les touristes cherchant principalement \u00e0 se d\u00e9tendre. N\u00e9anmoins, vous trouverez \u00e9galement de nombreuses attractions locales et touristiques, notamment le quartier de Hara Sghira Er Riadh.<\/p>\n<p>&nbsp;<\/p>\n<h3>Sousse<\/h3>\n<p>Probablement l\u2019une des destinations les plus populaires avec Tunis et Djerba, Sousse est un lieu parfait pour ceux qui aiment se d\u00e9tendre les pieds dans le sable. De plus, cette ville est remplie d\u2019activit\u00e9s qui attirent les touristes, notamment sa m\u00e9dina, son mus\u00e9e de la mosa\u00efque, sa grande mosqu\u00e9e ou encore son march\u00e9 aux chameaux.<\/p>\n<p>&nbsp;<\/p>\n<h3>Hammamet<\/h3>\n<p>Si vous voulez profiter des plages, Hammamet est une destination incontournable. Entre la bronzette et les sports maritimes, tels que le jet-ski ou la plong\u00e9e sous-marine, vous pourrez pleinement profiter de l\u2019eau azure et des plages de sable blanc.<\/p>\n<p>N\u00e9anmoins, s\u2019il s\u2019agit de la plus ancienne destination touristique, l\u2019attraction principale restera les plages et les h\u00f4tels dispers\u00e9s le long de la c\u00f4te. Vous pourrez trouver quelques sites historiques \u00e9galement, mais qui ne peuvent \u00eatre compar\u00e9s aux autres villes.<\/p>\n<p>&nbsp;<\/p>\n<h3>Monastir<\/h3>\n<p>Monastir est une des plus anciennes villes de Tunisie, ce qui la rend int\u00e9ressante pour les personnes \u00e0 la recherche d\u2019une exp\u00e9rience authentique. Ainsi, vous pourrez visiter sa forteresse, qui a \u00e9t\u00e9 incroyablement bien pr\u00e9serv\u00e9e, par exemple.<\/p>\n<p>Mais pour ceux qui souhaitent profiter d\u2019activit\u00e9s plus touristiques, Monastir dispose aussi d\u2019un terrain de golf, d\u2019une piste de karting ou encore d\u2019une \u00e9cole de plong\u00e9e.<\/p>\n<p>&nbsp;<\/p>\n<h3>El Jem<\/h3>\n<p>Bien que cette ville soit une des plus petites en Tunisie, El Jem reste un lieu tr\u00e8s touristique. Cela est notamment d\u00fb aux vestiges de l\u2019amphith\u00e9\u00e2tre romain qu\u2019elle abrite. Celui-ci, loin d\u2019\u00eatre anodin, est l\u2019un des plus grands au monde et il est tr\u00e8s bien conserv\u00e9, ce qui l\u2019a class\u00e9 au patrimoine historique de l\u2019UNESCO.<\/p>\n<p>Vous pourrez aussi y trouver un mus\u00e9e et de nombreux restaurants et magasins locaux, le tout \u00e0 quelques kilom\u00e8tres de Sousse.<\/p>\n<p>&nbsp;<\/p>\n<h3>Port d\u2019El Kantaoui<\/h3>\n<p>Situ\u00e9 \u00e0 approximativement 10 km de Sousse, le port d\u2019El Kantaoui a \u00e9t\u00e9 construit dans les ann\u00e9es 1970 sp\u00e9cialement pour les touristes. Vous y trouverez un terrain de golf, de nombreux restaurants et bien plus d\u2019activit\u00e9s et lieux construits sp\u00e9cialement pour que les touristes puissent se d\u00e9tendre et profiter de leur voyage en Tunisie.<\/p>\n","protected":false},"excerpt":{"rendered":"<p>Le tourisme en Tunisie a r\u00e9ellement d\u00e9coll\u00e9 au cours des ann\u00e9es 1960 et, au fil des ann\u00e9es, il est devenu l\u2019une des principales sources de revenus du pays. En effet, des millions de personnes venues du monde entier s\u2019envolent pour la Tunisie tout au long&#8230;<\/p>\n","protected":false},"author":1,"featured_media":0,"parent":0,"menu_order":0,"comment_status":"closed","ping_status":"closed","template":"","meta":{"footnotes":""},"class_list":["post-13","page","type-page","status-publish","hentry"],"aioseo_notices":[],"_links":{"self":[{"href":"https:\/\/www.tourismtunisia.com\/fr\/wp-json\/wp\/v2\/pages\/13","targetHints":{"allow":["GET"]}}],"collection":[{"href":"https:\/\/www.tourismtunisia.com\/fr\/wp-json\/wp\/v2\/pages"}],"about":[{"href":"https:\/\/www.tourismtunisia.com\/fr\/wp-json\/wp\/v2\/types\/page"}],"author":[{"embeddable":true,"href":"https:\/\/www.tourismtunisia.com\/fr\/wp-json\/wp\/v2\/users\/1"}],"replies":[{"embeddable":true,"href":"https:\/\/www.tourismtunisia.com\/fr\/wp-json\/wp\/v2\/comments?post=13"}],"version-history":[{"count":5,"href":"https:\/\/www.tourismtunisia.com\/fr\/wp-json\/wp\/v2\/pages\/13\/revisions"}],"predecessor-version":[{"id":24,"href":"https:\/\/www.tourismtunisia.com\/fr\/wp-json\/wp\/v2\/pages\/13\/revisions\/24"}],"wp:attachment":[{"href":"https:\/\/www.tourismtunisia.com\/fr\/wp-json\/wp\/v2\/media?parent=13"}],"curies":[{"name":"wp","href":"https:\/\/api.w.org\/{rel}","templated":true}]}}